{"id":2885,"date":"2021-10-29T13:30:50","date_gmt":"2021-10-29T11:30:50","guid":{"rendered":"https:\/\/lamazere.de\/contact\/"},"modified":"2021-12-28T11:38:41","modified_gmt":"2021-12-28T10:38:41","slug":"contact","status":"publish","type":"page","link":"https:\/\/lamazere.de\/fr\/contact\/","title":{"rendered":"Contact"},"content":{"rendered":"<p>[vc_row css=\u00a0\u00bb.vc_custom_1515041639541{padding-top: 80px !important;padding-bottom: 80px !important;}\u00a0\u00bb][vc_column width=\u00a0\u00bb1\/3&Prime;][vc_column_text]<\/p>\n<h3>Contact<\/h3>\n<p>Bienvenue \u00e0 la brasserie LAMAZ\u00c8RE situ\u00e9e en plein coeur de Charlottenbourg ! Entrez, oubliez un instant l\u2019agitation du quotidien et laissez-vous emporter par la douce atmosph\u00e8re de l\u2019insouciance fran\u00e7aise.<\/p>\n<p>Stuttgarter Platz 18<br \/>\n10627 Berlin<\/p>\n<p>030 31800712<br \/>\n<a class=\"email\" href=\"mailto:brasserie@lamazere.de\" rel=\"ANTISPAM\">brasserie@lamazere.de<\/a>[\/vc_column_text]<div class=\"dine-button button-inline\" id=\"button-1\"><style>#btn-98{color:#ffffff}#btn-98:hover{color:#ffffff}<\/style>\n<div class=\"dine-button button-inline\">\n\n    <a href=\"\/fr\/reservation\" id=\"btn-98\" class=\"dine-btn btn-outline btn-round\"><span>r\u00e9server une table<\/span><\/a>\n    \n<\/div>\n\n<\/div>[\/vc_column][vc_column width=\u00a0\u00bb2\/3&Prime;]<div class=\"dine-element wpb_content_element dine-element-dine_gallery \" id=\"dine_gallery-1\">\n<div class=\"dine-gallery gallery-grid column-2 gallery-portrait dine-lightbox-gallery\">\n    \n    \n    <figure class=\"dine-gallery-item\">\n        \n        <div class=\"dine-gallery-item-inner\">\n    \n            \n            <a href=\"https:\/\/lamazere.de\/wp-content\/uploads\/2021\/10\/lamazere-food-18-scaled.webp\" class=\"lightbox-link\"><img loading=\"lazy\" decoding=\"async\" width=\"1707\" height=\"2560\" src=\"https:\/\/lamazere.de\/wp-content\/uploads\/2021\/10\/lamazere-food-18-scaled.webp\" class=\"attachment-full size-full\" alt=\"\" srcset=\"https:\/\/lamazere.de\/wp-content\/uploads\/2021\/10\/lamazere-food-18-scaled.webp 1707w, https:\/\/lamazere.de\/wp-content\/uploads\/2021\/10\/lamazere-food-18-200x300.webp 200w, https:\/\/lamazere.de\/wp-content\/uploads\/2021\/10\/lamazere-food-18-683x1024.webp 683w, https:\/\/lamazere.de\/wp-content\/uploads\/2021\/10\/lamazere-food-18-768x1152.webp 768w, https:\/\/lamazere.de\/wp-content\/uploads\/2021\/10\/lamazere-food-18-133x200.webp 133w, https:\/\/lamazere.de\/wp-content\/uploads\/2021\/10\/lamazere-food-18-1024x1536.webp 1024w, https:\/\/lamazere.de\/wp-content\/uploads\/2021\/10\/lamazere-food-18-1365x2048.webp 1365w\" sizes=\"auto, (max-width: 1707px) 100vw, 1707px\" \/><\/a>\n            <div class=\"height-element\"><\/div>\n\n            <div class=\"loading-icon\"><\/div>\n            \n                        \n        <\/div>\n    \n    <\/figure><!-- .dine-gallery-item -->\n    \n    \n    <figure class=\"dine-gallery-item\">\n        \n        <div class=\"dine-gallery-item-inner\">\n    \n            \n            <a href=\"https:\/\/lamazere.de\/wp-content\/uploads\/2021\/10\/lamazere-food-17-scaled.webp\" class=\"lightbox-link\"><img loading=\"lazy\" decoding=\"async\" width=\"1706\" height=\"2560\" src=\"https:\/\/lamazere.de\/wp-content\/uploads\/2021\/10\/lamazere-food-17-scaled.webp\" class=\"attachment-full size-full\" alt=\"\" srcset=\"https:\/\/lamazere.de\/wp-content\/uploads\/2021\/10\/lamazere-food-17-scaled.webp 1706w, https:\/\/lamazere.de\/wp-content\/uploads\/2021\/10\/lamazere-food-17-200x300.webp 200w, https:\/\/lamazere.de\/wp-content\/uploads\/2021\/10\/lamazere-food-17-683x1024.webp 683w, https:\/\/lamazere.de\/wp-content\/uploads\/2021\/10\/lamazere-food-17-768x1152.webp 768w, https:\/\/lamazere.de\/wp-content\/uploads\/2021\/10\/lamazere-food-17-133x200.webp 133w, https:\/\/lamazere.de\/wp-content\/uploads\/2021\/10\/lamazere-food-17-1024x1536.webp 1024w, https:\/\/lamazere.de\/wp-content\/uploads\/2021\/10\/lamazere-food-17-1365x2048.webp 1365w\" sizes=\"auto, (max-width: 1706px) 100vw, 1706px\" \/><\/a>\n            <div class=\"height-element\"><\/div>\n\n            <div class=\"loading-icon\"><\/div>\n            \n                        \n        <\/div>\n    \n    <\/figure><!-- .dine-gallery-item -->\n    \n    \n<\/div><!-- .dine-gallery --><\/div>[\/vc_column][\/vc_row]<\/p>\n","protected":false},"excerpt":{"rendered":"<p>[vc_row css=\u00a0\u00bb.vc_custom_1515041639541{padding-top: 80px !important;padding-bottom: 80px !important;}\u00a0\u00bb][vc_column width=\u00a0\u00bb1\/3&Prime;][vc_column_text] Contact Bienvenue \u00e0 la brasserie LAMAZ\u00c8RE situ\u00e9e en plein coeur de Charlottenbourg ! Entrez, oubliez un instant l\u2019agitation du quotidien et laissez-vous emporter par la douce atmosph\u00e8re de l\u2019insouciance fran\u00e7aise. Stuttgarter Platz 18 10627 Berlin 030 31800712 brasserie@lamazere.de[\/vc_column_text][\/vc_column][vc_column width=\u00a0\u00bb2\/3&Prime;][\/vc_column][\/vc_row]<\/p>\n","protected":false},"author":2,"featured_media":2767,"parent":0,"menu_order":0,"comment_status":"closed","ping_status":"closed","template":"","meta":{"footnotes":""},"class_list":["post-2885","page","type-page","status-publish","has-post-thumbnail","hentry"],"_links":{"self":[{"href":"https:\/\/lamazere.de\/fr\/wp-json\/wp\/v2\/pages\/2885","targetHints":{"allow":["GET"]}}],"collection":[{"href":"https:\/\/lamazere.de\/fr\/wp-json\/wp\/v2\/pages"}],"about":[{"href":"https:\/\/lamazere.de\/fr\/wp-json\/wp\/v2\/types\/page"}],"author":[{"embeddable":true,"href":"https:\/\/lamazere.de\/fr\/wp-json\/wp\/v2\/users\/2"}],"replies":[{"embeddable":true,"href":"https:\/\/lamazere.de\/fr\/wp-json\/wp\/v2\/comments?post=2885"}],"version-history":[{"count":8,"href":"https:\/\/lamazere.de\/fr\/wp-json\/wp\/v2\/pages\/2885\/revisions"}],"predecessor-version":[{"id":3006,"href":"https:\/\/lamazere.de\/fr\/wp-json\/wp\/v2\/pages\/2885\/revisions\/3006"}],"wp:featuredmedia":[{"embeddable":true,"href":"https:\/\/lamazere.de\/fr\/wp-json\/wp\/v2\/media\/2767"}],"wp:attachment":[{"href":"https:\/\/lamazere.de\/fr\/wp-json\/wp\/v2\/media?parent=2885"}],"curies":[{"name":"wp","href":"https:\/\/api.w.org\/{rel}","templated":true}]}}