{"id":2877,"date":"2021-10-29T12:56:43","date_gmt":"2021-10-29T10:56:43","guid":{"rendered":"https:\/\/lamazere.de\/jobs\/"},"modified":"2021-11-15T21:23:45","modified_gmt":"2021-11-15T20:23:45","slug":"jobs","status":"publish","type":"page","link":"https:\/\/lamazere.de\/fr\/jobs\/","title":{"rendered":"Jobs"},"content":{"rendered":"<p>[vc_row css=\u00a0\u00bb.vc_custom_1515041639541{padding-top: 80px !important;padding-bottom: 80px !important;}\u00a0\u00bb][vc_column width=\u00a0\u00bb1\/3&Prime;][vc_column_text]<\/p>\n<h3>Les employ\u00e9s recherch\u00e9s<\/h3>\n<p>Chers coll\u00e8gues, la brasserie recherche nouveau employ\u00e9s:<\/p>\n<p><strong>cuisinier<\/strong><br \/>\n<strong>serveur<\/strong><br \/>\n<strong>Stages<\/strong><\/p>\n<p>Ton profil:<br \/>\nJeune, dynamique et esprit d&rsquo;\u00e9quipe<br \/>\nSouriant et motiv\u00e9<br \/>\nDiplom\u00e9 d&rsquo;\u00e9cole h\u00f4teliere<\/p>\n<p>Passion\u00e9 et Amour du produit<\/p>\n<p>Si tu es interess\u00e9, envoi ta candidature \u00e1 <a href=\"mailto:brasserie@lamazere.de\">brasserie@lamazere.de<\/a>.[\/vc_column_text][\/vc_column][vc_column width=\u00a0\u00bb2\/3&Prime;]<div class=\"dine-element wpb_content_element dine-element-dine_gallery \" id=\"dine_gallery-1\">\n<div class=\"dine-gallery gallery-grid column-2 gallery-portrait dine-lightbox-gallery\">\n    \n    \n    <figure class=\"dine-gallery-item\">\n        \n        <div class=\"dine-gallery-item-inner\">\n    \n            \n            <a href=\"https:\/\/lamazere.de\/wp-content\/uploads\/2021\/10\/lamazere-stuff-02-scaled.webp\" class=\"lightbox-link\"><img loading=\"lazy\" decoding=\"async\" width=\"1684\" height=\"2560\" src=\"https:\/\/lamazere.de\/wp-content\/uploads\/2021\/10\/lamazere-stuff-02-scaled.webp\" class=\"attachment-full size-full\" alt=\"\" srcset=\"https:\/\/lamazere.de\/wp-content\/uploads\/2021\/10\/lamazere-stuff-02-scaled.webp 1684w, https:\/\/lamazere.de\/wp-content\/uploads\/2021\/10\/lamazere-stuff-02-197x300.webp 197w, https:\/\/lamazere.de\/wp-content\/uploads\/2021\/10\/lamazere-stuff-02-674x1024.webp 674w, https:\/\/lamazere.de\/wp-content\/uploads\/2021\/10\/lamazere-stuff-02-768x1167.webp 768w, https:\/\/lamazere.de\/wp-content\/uploads\/2021\/10\/lamazere-stuff-02-132x200.webp 132w, https:\/\/lamazere.de\/wp-content\/uploads\/2021\/10\/lamazere-stuff-02-1011x1536.webp 1011w, https:\/\/lamazere.de\/wp-content\/uploads\/2021\/10\/lamazere-stuff-02-1347x2048.webp 1347w\" sizes=\"auto, (max-width: 1684px) 100vw, 1684px\" \/><\/a>\n            <div class=\"height-element\"><\/div>\n\n            <div class=\"loading-icon\"><\/div>\n            \n                        \n        <\/div>\n    \n    <\/figure><!-- .dine-gallery-item -->\n    \n    \n    <figure class=\"dine-gallery-item\">\n        \n        <div class=\"dine-gallery-item-inner\">\n    \n            \n            <a href=\"https:\/\/lamazere.de\/wp-content\/uploads\/2021\/10\/lamazere-stuff-01-scaled.webp\" class=\"lightbox-link\"><img loading=\"lazy\" decoding=\"async\" width=\"1706\" height=\"2560\" src=\"https:\/\/lamazere.de\/wp-content\/uploads\/2021\/10\/lamazere-stuff-01-scaled.webp\" class=\"attachment-full size-full\" alt=\"\" srcset=\"https:\/\/lamazere.de\/wp-content\/uploads\/2021\/10\/lamazere-stuff-01-scaled.webp 1706w, https:\/\/lamazere.de\/wp-content\/uploads\/2021\/10\/lamazere-stuff-01-200x300.webp 200w, https:\/\/lamazere.de\/wp-content\/uploads\/2021\/10\/lamazere-stuff-01-683x1024.webp 683w, https:\/\/lamazere.de\/wp-content\/uploads\/2021\/10\/lamazere-stuff-01-768x1152.webp 768w, https:\/\/lamazere.de\/wp-content\/uploads\/2021\/10\/lamazere-stuff-01-133x200.webp 133w, https:\/\/lamazere.de\/wp-content\/uploads\/2021\/10\/lamazere-stuff-01-1024x1536.webp 1024w, https:\/\/lamazere.de\/wp-content\/uploads\/2021\/10\/lamazere-stuff-01-1365x2048.webp 1365w\" sizes=\"auto, (max-width: 1706px) 100vw, 1706px\" \/><\/a>\n            <div class=\"height-element\"><\/div>\n\n            <div class=\"loading-icon\"><\/div>\n            \n                        \n        <\/div>\n    \n    <\/figure><!-- .dine-gallery-item -->\n    \n    \n<\/div><!-- .dine-gallery --><\/div>[\/vc_column][\/vc_row]<\/p>\n","protected":false},"excerpt":{"rendered":"<p>[vc_row css=\u00a0\u00bb.vc_custom_1515041639541{padding-top: 80px !important;padding-bottom: 80px !important;}\u00a0\u00bb][vc_column width=\u00a0\u00bb1\/3&Prime;][vc_column_text] Les employ\u00e9s recherch\u00e9s Chers coll\u00e8gues, la brasserie recherche nouveau employ\u00e9s: cuisinier serveur Stages Ton profil: Jeune, dynamique et esprit d&rsquo;\u00e9quipe Souriant et motiv\u00e9 Diplom\u00e9 d&rsquo;\u00e9cole h\u00f4teliere Passion\u00e9 et Amour du produit Si tu es interess\u00e9, envoi ta candidature \u00e1 brasserie@lamazere.de.[\/vc_column_text][\/vc_column][vc_column width=\u00a0\u00bb2\/3&Prime;][\/vc_column][\/vc_row]<\/p>\n","protected":false},"author":2,"featured_media":2759,"parent":0,"menu_order":0,"comment_status":"closed","ping_status":"closed","template":"","meta":{"footnotes":""},"class_list":["post-2877","page","type-page","status-publish","has-post-thumbnail","hentry"],"_links":{"self":[{"href":"https:\/\/lamazere.de\/fr\/wp-json\/wp\/v2\/pages\/2877","targetHints":{"allow":["GET"]}}],"collection":[{"href":"https:\/\/lamazere.de\/fr\/wp-json\/wp\/v2\/pages"}],"about":[{"href":"https:\/\/lamazere.de\/fr\/wp-json\/wp\/v2\/types\/page"}],"author":[{"embeddable":true,"href":"https:\/\/lamazere.de\/fr\/wp-json\/wp\/v2\/users\/2"}],"replies":[{"embeddable":true,"href":"https:\/\/lamazere.de\/fr\/wp-json\/wp\/v2\/comments?post=2877"}],"version-history":[{"count":3,"href":"https:\/\/lamazere.de\/fr\/wp-json\/wp\/v2\/pages\/2877\/revisions"}],"predecessor-version":[{"id":2883,"href":"https:\/\/lamazere.de\/fr\/wp-json\/wp\/v2\/pages\/2877\/revisions\/2883"}],"wp:featuredmedia":[{"embeddable":true,"href":"https:\/\/lamazere.de\/fr\/wp-json\/wp\/v2\/media\/2759"}],"wp:attachment":[{"href":"https:\/\/lamazere.de\/fr\/wp-json\/wp\/v2\/media?parent=2877"}],"curies":[{"name":"wp","href":"https:\/\/api.w.org\/{rel}","templated":true}]}}