{"id":2871,"date":"2017-02-20T03:10:30","date_gmt":"2017-02-20T03:10:30","guid":{"rendered":"https:\/\/lamazere.de\/reservation\/"},"modified":"2024-09-19T15:46:34","modified_gmt":"2024-09-19T13:46:34","slug":"reservation","status":"publish","type":"page","link":"https:\/\/lamazere.de\/fr\/reservation\/","title":{"rendered":"R\u00e9servation"},"content":{"rendered":"<p>[vc_row equal_height=\u00a0\u00bbyes\u00a0\u00bb css=\u00a0\u00bb.vc_custom_1635757785966{padding-top: 60px !important;}\u00a0\u00bb][vc_column width=\u00a0\u00bb1\/2&Prime;][vc_custom_heading text=\u00a0\u00bbT\u00e9l\u00e9phone\u00a0\u00bb font_container=\u00a0\u00bbtag:h4|text_align:left\u00a0\u00bb use_theme_fonts=\u00a0\u00bbyes\u00a0\u00bb][vc_column_text]+49 30 31800712 ou par email brasserie@lamazere.de<\/p>\n<p>Les r\u00e9servations \u00e1 partir de 8 personnes s&rsquo;effectuent uniquement par t\u00e9l\u00e9phone ou par email![\/vc_column_text][vc_single_image image=\u00a0\u00bb2819&Prime; img_size=\u00a0\u00bbfull\u00a0\u00bb][\/vc_column][vc_column width=\u00a0\u00bb1\/2&Prime;][vc_custom_heading text=\u00a0\u00bbou en ligne\u00a0\u00bb font_container=\u00a0\u00bbtag:h4|text_align:left\u00a0\u00bb use_theme_fonts=\u00a0\u00bbyes\u00a0\u00bb][vc_raw_html]JTNDaWZyYW1lJTIwc2Nyb2xsaW5nJTNEJTIyeWVzJTIyJTIwZnJhbWVib3JkZXIlM0QlMjIwJTIyJTIwc3JjJTNEJTIyaHR0cHMlM0ElMkYlMkZib29raW5nLXdpZGdldC5xdWFuZG9vLmRlJTJGaWZyYW1lLmh0bWwlM0ZhZ2VudElkJTNEMiUyNmFtcCUzQm1lcmNoYW50SWQlM0Q3Mjg5JTI2YW1wJTNCb3JpZ2luJTNEaHR0cHMlMjUzQSUyNTJGJTI1MkZsYW1hemVyZS5kZSUyNmFtcCUzQnBhdGglM0RodHRwcyUyNTNBJTI1MkYlMjUyRmJvb2tpbmctd2lkZ2V0LnF1YW5kb28uY29tJTI1MkYlMjZhbXAlM0J0aGVtZSUzRGJyYW5kJTIyJTIwc3R5bGUlM0QlMjJ3aWR0aCUzQSUyMDM4MHB4JTNCJTIwbWF4LXdpZHRoJTNBJTIwMTAwJTI1JTNCJTIwaGVpZ2h0JTNBJTIwODUwcHglM0IlMjIlM0UlM0MlMkZpZnJhbWUlM0U=[\/vc_raw_html][\/vc_column][\/vc_row]<\/p>\n","protected":false},"excerpt":{"rendered":"<p>[vc_row equal_height=\u00a0\u00bbyes\u00a0\u00bb css=\u00a0\u00bb.vc_custom_1635757785966{padding-top: 60px !important;}\u00a0\u00bb][vc_column width=\u00a0\u00bb1\/2&Prime;][vc_custom_heading text=\u00a0\u00bbT\u00e9l\u00e9phone\u00a0\u00bb font_container=\u00a0\u00bbtag:h4|text_align:left\u00a0\u00bb use_theme_fonts=\u00a0\u00bbyes\u00a0\u00bb][vc_column_text]+49 30 31800712 ou par email brasserie@lamazere.de Les r\u00e9servations \u00e1 partir de 8 personnes s&rsquo;effectuent uniquement par t\u00e9l\u00e9phone ou par email![\/vc_column_text][vc_single_image image=\u00a0\u00bb2819&Prime; img_size=\u00a0\u00bbfull\u00a0\u00bb][\/vc_column][vc_column width=\u00a0\u00bb1\/2&Prime;][vc_custom_heading text=\u00a0\u00bbou en ligne\u00a0\u00bb font_container=\u00a0\u00bbtag:h4|text_align:left\u00a0\u00bb use_theme_fonts=\u00a0\u00bbyes\u00a0\u00bb][vc_raw_html]JTNDaWZyYW1lJTIwc2Nyb2xsaW5nJTNEJTIyeWVzJTIyJTIwZnJhbWVib3JkZXIlM0QlMjIwJTIyJTIwc3JjJTNEJTIyaHR0cHMlM0ElMkYlMkZib29raW5nLXdpZGdldC5xdWFuZG9vLmRlJTJGaWZyYW1lLmh0bWwlM0ZhZ2VudElkJTNEMiUyNmFtcCUzQm1lcmNoYW50SWQlM0Q3Mjg5JTI2YW1wJTNCb3JpZ2luJTNEaHR0cHMlMjUzQSUyNTJGJTI1MkZsYW1hemVyZS5kZSUyNmFtcCUzQnBhdGglM0RodHRwcyUyNTNBJTI1MkYlMjUyRmJvb2tpbmctd2lkZ2V0LnF1YW5kb28uY29tJTI1MkYlMjZhbXAlM0J0aGVtZSUzRGJyYW5kJTIyJTIwc3R5bGUlM0QlMjJ3aWR0aCUzQSUyMDM4MHB4JTNCJTIwbWF4LXdpZHRoJTNBJTIwMTAwJTI1JTNCJTIwaGVpZ2h0JTNBJTIwODUwcHglM0IlMjIlM0UlM0MlMkZpZnJhbWUlM0U=[\/vc_raw_html][\/vc_column][\/vc_row]<\/p>\n","protected":false},"author":2,"featured_media":2787,"parent":0,"menu_order":0,"comment_status":"closed","ping_status":"closed","template":"","meta":{"footnotes":""},"class_list":["post-2871","page","type-page","status-publish","has-post-thumbnail","hentry"],"_links":{"self":[{"href":"https:\/\/lamazere.de\/fr\/wp-json\/wp\/v2\/pages\/2871","targetHints":{"allow":["GET"]}}],"collection":[{"href":"https:\/\/lamazere.de\/fr\/wp-json\/wp\/v2\/pages"}],"about":[{"href":"https:\/\/lamazere.de\/fr\/wp-json\/wp\/v2\/types\/page"}],"author":[{"embeddable":true,"href":"https:\/\/lamazere.de\/fr\/wp-json\/wp\/v2\/users\/2"}],"replies":[{"embeddable":true,"href":"https:\/\/lamazere.de\/fr\/wp-json\/wp\/v2\/comments?post=2871"}],"version-history":[{"count":4,"href":"https:\/\/lamazere.de\/fr\/wp-json\/wp\/v2\/pages\/2871\/revisions"}],"predecessor-version":[{"id":3228,"href":"https:\/\/lamazere.de\/fr\/wp-json\/wp\/v2\/pages\/2871\/revisions\/3228"}],"wp:featuredmedia":[{"embeddable":true,"href":"https:\/\/lamazere.de\/fr\/wp-json\/wp\/v2\/media\/2787"}],"wp:attachment":[{"href":"https:\/\/lamazere.de\/fr\/wp-json\/wp\/v2\/media?parent=2871"}],"curies":[{"name":"wp","href":"https:\/\/api.w.org\/{rel}","templated":true}]}}